{"id":4576,"date":"2021-10-05T20:18:21","date_gmt":"2021-10-05T18:18:21","guid":{"rendered":"https:\/\/dev.patisserie-sakka.com\/?post_type=product&#038;p=4576"},"modified":"2023-11-15T15:20:12","modified_gmt":"2023-11-15T14:20:12","slug":"plaisir-pistache-100g","status":"publish","type":"product","link":"https:\/\/www.patisserie-sakka.com\/index.php\/produit\/plaisir-pistache-100g\/","title":{"rendered":"Plaisir pistache 100g"},"content":{"rendered":"<div class=\"group final-completion w-full text-token-text-primary border-b border-black\/10 gizmo:border-0 dark:border-gray-900\/50 gizmo:dark:border-0 bg-gray-50 gizmo:bg-transparent dark:bg-[#444654] gizmo:dark:bg-transparent\" data-testid=\"conversation-turn-49\">\n<div class=\"p-4 justify-center text-base md:gap-6 md:py-6 m-auto\">\n<div class=\"flex flex-1 gap-4 text-base mx-auto md:gap-6 gizmo:gap-3 gizmo:md:px-5 gizmo:lg:px-1 gizmo:xl:px-5 md:max-w-2xl lg:max-w-[38rem] gizmo:md:max-w-3xl gizmo:lg:max-w-[40rem] gizmo:xl:max-w-[48rem] xl:max-w-3xl }\">\n<div class=\"relative flex w-[calc(100%-50px)] flex-col gizmo:w-full lg:w-[calc(100%-115px)] agent-turn\">\n<div class=\"flex-col gap-1 md:gap-3\">\n<div class=\"flex flex-grow flex-col gap-3 max-w-full\">\n<div class=\"min-h-[20px] flex flex-col items-start gap-3 whitespace-pre-wrap break-words overflow-x-auto\">\n<div class=\"markdown prose w-full break-words dark:prose-invert light\">\n<p><span style=\"color: #808080;\">\u00ab\u00a0Le plaisir pistache, est une d\u00e9licieuse petite p\u00e2tisserie tunisienne moderne confectionn\u00e9e \u00e0 partir de fruits secs. Il est compos\u00e9\u00a0 d&rsquo;une p\u00e2te d&rsquo;amande et de noisette, d\u00e9licatement envelopp\u00e9e de pistaches concass\u00e9es, orn\u00e9 de chocolat et de pistaches finement d\u00e9coup\u00e9es pour une pr\u00e9sentation \u00e9l\u00e9gante. Parfait pour sublimer vos c\u00e9r\u00e9monies de mariage, il offre une alternative l\u00e9g\u00e8re et moderne aux g\u00e2teaux tunisiens traditionnels. De plus, il se r\u00e9v\u00e8le \u00eatre un choix id\u00e9al pour g\u00e2ter vos proches.\u00a0\u00bb<\/span><\/p>\n<\/div>\n<\/div>\n<\/div>\n<\/div>\n<\/div>\n<\/div>\n<\/div>\n<\/div>\n","protected":false},"excerpt":{"rendered":"<p>&nbsp;<\/p>\n<blockquote><p><span style=\"color: #808080;\"><strong>\u00ab Le Plaisir Pistache \u00bb la douceur parfaite pour des moments savoureux.<\/strong><\/span><\/p><\/blockquote>\n<p>&nbsp;<\/p>\n<p><span style=\"color: #808080;\">Ingr\u00e9dients : Noisette, Pistache, Amande, sirop de glucose, chocolat.<\/span><\/p>\n<p>&nbsp;<\/p>\n<p><span style=\"color: #808080;\">Mode de conservation : Il est conseill\u00e9 de la stocker dans une boite herm\u00e9tique \u00e0 temp\u00e9rature ambiante.<\/span><\/p>\n<p>&nbsp;<\/p>\n<p><span style=\"color: #808080;\">50 pi\u00e8ces\/kilo<\/span><\/p>\n","protected":false},"featured_media":14240,"comment_status":"open","ping_status":"closed","template":"","meta":[],"product_cat":[118],"product_tag":[],"class_list":["post-4576","product","type-product","status-publish","has-post-thumbnail","hentry","product_cat-fekia"],"_links":{"self":[{"href":"https:\/\/www.patisserie-sakka.com\/index.php\/wp-json\/wp\/v2\/product\/4576","targetHints":{"allow":["GET"]}}],"collection":[{"href":"https:\/\/www.patisserie-sakka.com\/index.php\/wp-json\/wp\/v2\/product"}],"about":[{"href":"https:\/\/www.patisserie-sakka.com\/index.php\/wp-json\/wp\/v2\/types\/product"}],"replies":[{"embeddable":true,"href":"https:\/\/www.patisserie-sakka.com\/index.php\/wp-json\/wp\/v2\/comments?post=4576"}],"wp:featuredmedia":[{"embeddable":true,"href":"https:\/\/www.patisserie-sakka.com\/index.php\/wp-json\/wp\/v2\/media\/14240"}],"wp:attachment":[{"href":"https:\/\/www.patisserie-sakka.com\/index.php\/wp-json\/wp\/v2\/media?parent=4576"}],"wp:term":[{"taxonomy":"product_cat","embeddable":true,"href":"https:\/\/www.patisserie-sakka.com\/index.php\/wp-json\/wp\/v2\/product_cat?post=4576"},{"taxonomy":"product_tag","embeddable":true,"href":"https:\/\/www.patisserie-sakka.com\/index.php\/wp-json\/wp\/v2\/product_tag?post=4576"}],"curies":[{"name":"wp","href":"https:\/\/api.w.org\/{rel}","templated":true}]}}