{"id":4572,"date":"2021-10-05T20:17:45","date_gmt":"2021-10-05T18:17:45","guid":{"rendered":"https:\/\/dev.patisserie-sakka.com\/?post_type=product&#038;p=4572"},"modified":"2023-11-15T15:24:05","modified_gmt":"2023-11-15T14:24:05","slug":"mignardise-nid-amande-100g","status":"publish","type":"product","link":"https:\/\/www.patisserie-sakka.com\/index.php\/produit\/mignardise-nid-amande-100g\/","title":{"rendered":"Mignardise nid amande 100g"},"content":{"rendered":"<p><span style=\"color: #808080;\">\u00ab\u00a0Le Nid Amande est une mignardise d\u00e9licieuse, mariant l&rsquo;amande et le chocolat, garnie d&rsquo;amandes effil\u00e9es et sublim\u00e9e par une touche de fleur de rose pour une pr\u00e9sentation irr\u00e9sistible.<\/span><\/p>\n<p><span style=\"color: #808080;\">Leur forme d\u00e9licate ajoute une touche d&rsquo;\u00e9l\u00e9gance, qu&rsquo;il s&rsquo;agisse d&rsquo;une pause-caf\u00e9 conviviale, d&rsquo;une r\u00e9union en famille ou d&rsquo;un cadeau gourmand pour ceux qui vous sont chers. Le Nid Amande c\u00e9l\u00e8bre les moments sp\u00e9ciaux et enchante les papilles, une exp\u00e9rience sucr\u00e9e impr\u00e9gn\u00e9e d&rsquo;affection et de tradition.\u00a0\u00bb<\/span><\/p>\n","protected":false},"excerpt":{"rendered":"<blockquote><p><span style=\"color: #808080;\"><strong>\u00ab Le Nid Amande \u00bb une d\u00e9licieuse cr\u00e9ation tunisienne pour les moments sp\u00e9ciaux.<\/strong><\/span><\/p><\/blockquote>\n<p>&nbsp;<\/p>\n<p><span style=\"color: #808080;\"><strong>Ingr\u00e9dients :<\/strong> Amande, noisette, sucre croquant, sirop de glucose, Chocolat<\/span><\/p>\n<p>&nbsp;<\/p>\n<p><span style=\"color: #808080;\"><strong>Mode de conservation :<\/strong> Il est conseill\u00e9 de la stocker dans une boite herm\u00e9tique \u00e0 temp\u00e9rature ambiante.<\/span><\/p>\n<p>&nbsp;<\/p>\n<p><span style=\"color: #808080;\"><strong>50 pi\u00e8ces\/kilo<\/strong><\/span><\/p>\n","protected":false},"featured_media":14243,"comment_status":"open","ping_status":"closed","template":"","meta":[],"product_cat":[265],"product_tag":[],"class_list":["post-4572","product","type-product","status-publish","has-post-thumbnail","hentry","product_cat-mignardise-patisserie-tunisienne"],"_links":{"self":[{"href":"https:\/\/www.patisserie-sakka.com\/index.php\/wp-json\/wp\/v2\/product\/4572","targetHints":{"allow":["GET"]}}],"collection":[{"href":"https:\/\/www.patisserie-sakka.com\/index.php\/wp-json\/wp\/v2\/product"}],"about":[{"href":"https:\/\/www.patisserie-sakka.com\/index.php\/wp-json\/wp\/v2\/types\/product"}],"replies":[{"embeddable":true,"href":"https:\/\/www.patisserie-sakka.com\/index.php\/wp-json\/wp\/v2\/comments?post=4572"}],"wp:featuredmedia":[{"embeddable":true,"href":"https:\/\/www.patisserie-sakka.com\/index.php\/wp-json\/wp\/v2\/media\/14243"}],"wp:attachment":[{"href":"https:\/\/www.patisserie-sakka.com\/index.php\/wp-json\/wp\/v2\/media?parent=4572"}],"wp:term":[{"taxonomy":"product_cat","embeddable":true,"href":"https:\/\/www.patisserie-sakka.com\/index.php\/wp-json\/wp\/v2\/product_cat?post=4572"},{"taxonomy":"product_tag","embeddable":true,"href":"https:\/\/www.patisserie-sakka.com\/index.php\/wp-json\/wp\/v2\/product_tag?post=4572"}],"curies":[{"name":"wp","href":"https:\/\/api.w.org\/{rel}","templated":true}]}}