{"id":4571,"date":"2021-10-05T20:17:44","date_gmt":"2021-10-05T18:17:44","guid":{"rendered":"https:\/\/dev.patisserie-sakka.com\/?post_type=product&#038;p=4571"},"modified":"2023-11-15T15:24:12","modified_gmt":"2023-11-15T14:24:12","slug":"mignardise-tulle-dore-100g","status":"publish","type":"product","link":"https:\/\/www.patisserie-sakka.com\/index.php\/produit\/mignardise-tulle-dore-100g\/","title":{"rendered":"Mignardise tulle dor\u00e9 100g"},"content":{"rendered":"<p>\u00ab\u00a0Tulle Dor\u00e9, c&rsquo;est bien plus qu&rsquo;une simple mignardise \u00e0 la noisette. C&rsquo;est un voyage gustatif qui vous emm\u00e8ne au c\u0153ur de l&rsquo;authenticit\u00e9 tunisienne \u00e0 chaque bouch\u00e9e. Leur forme d\u00e9licate ajoute une touche d&rsquo;\u00e9l\u00e9gance \u00e0 toutes les occasions, qu&rsquo;il s&rsquo;agisse d&rsquo;une pause-caf\u00e9 conviviale entre amis, d&rsquo;une r\u00e9union en famille pleine de gourmandise, ou d&rsquo;un cadeau attentionn\u00e9 pour ceux qui vous sont chers. Ces d\u00e9lices sont le fruit d&rsquo;un savoir-faire traditionnel transmis de g\u00e9n\u00e9ration en g\u00e9n\u00e9ration. Chaque bouch\u00e9e d\u00e9voile une harmonie parfaite entre la richesse des noisettes croquantes et la douceur du sucre croustillant. \u00c0 l&rsquo;int\u00e9rieur, une garniture exquise compos\u00e9e d&rsquo;un pralin\u00e9 noisette et de chocolat offre une explosion de saveurs irr\u00e9sistibles.\u00a0\u00bb<\/p>\n","protected":false},"excerpt":{"rendered":"<blockquote><p><span style=\"color: #808080;\"><strong>\u00ab Le Tulle Dor\u00e9\u00bb un d\u00e9lice tunisien traditionnel qui c\u00e9l\u00e8bre l&rsquo;authenticit\u00e9 des saveurs.<\/strong><\/span><\/p><\/blockquote>\n<p>&nbsp;<\/p>\n<p><span style=\"color: #808080;\"><strong>Ingr\u00e9dients :<\/strong> Amande, noisette, sucre croquant, sirop de glucose, Chocolat .<\/span><\/p>\n<p>&nbsp;<\/p>\n<p><span style=\"color: #808080;\"><strong>Mode de conservation :<\/strong> Il est conseill\u00e9 de la stocker dans une boite herm\u00e9tique \u00e0 temp\u00e9rature ambiante.<\/span><\/p>\n<p>&nbsp;<\/p>\n<p><span style=\"color: #808080;\"><strong>50 pi\u00e8ces\/kilo<\/strong><\/span><\/p>\n","protected":false},"featured_media":14244,"comment_status":"open","ping_status":"closed","template":"","meta":[],"product_cat":[265],"product_tag":[],"class_list":["post-4571","product","type-product","status-publish","has-post-thumbnail","hentry","product_cat-mignardise-patisserie-tunisienne"],"_links":{"self":[{"href":"https:\/\/www.patisserie-sakka.com\/index.php\/wp-json\/wp\/v2\/product\/4571","targetHints":{"allow":["GET"]}}],"collection":[{"href":"https:\/\/www.patisserie-sakka.com\/index.php\/wp-json\/wp\/v2\/product"}],"about":[{"href":"https:\/\/www.patisserie-sakka.com\/index.php\/wp-json\/wp\/v2\/types\/product"}],"replies":[{"embeddable":true,"href":"https:\/\/www.patisserie-sakka.com\/index.php\/wp-json\/wp\/v2\/comments?post=4571"}],"wp:featuredmedia":[{"embeddable":true,"href":"https:\/\/www.patisserie-sakka.com\/index.php\/wp-json\/wp\/v2\/media\/14244"}],"wp:attachment":[{"href":"https:\/\/www.patisserie-sakka.com\/index.php\/wp-json\/wp\/v2\/media?parent=4571"}],"wp:term":[{"taxonomy":"product_cat","embeddable":true,"href":"https:\/\/www.patisserie-sakka.com\/index.php\/wp-json\/wp\/v2\/product_cat?post=4571"},{"taxonomy":"product_tag","embeddable":true,"href":"https:\/\/www.patisserie-sakka.com\/index.php\/wp-json\/wp\/v2\/product_tag?post=4571"}],"curies":[{"name":"wp","href":"https:\/\/api.w.org\/{rel}","templated":true}]}}