{"id":4373,"date":"2021-10-05T19:53:46","date_gmt":"2021-10-05T17:53:46","guid":{"rendered":"https:\/\/dev.patisserie-sakka.com\/?post_type=product&#038;p=4373"},"modified":"2026-02-12T12:13:04","modified_gmt":"2026-02-12T11:13:04","slug":"mlabbes-normale-100-g","status":"publish","type":"product","link":"https:\/\/www.patisserie-sakka.com\/index.php\/produit\/mlabbes-normale-100-g\/","title":{"rendered":"Mlabbes normale 100 g"},"content":{"rendered":"<p>Mlabbes normale<br \/>\nNombre de pi\u00e8ces par kilo: 70pcs<\/p>\n","protected":false},"excerpt":{"rendered":"<p>Mlabbes normale<br \/>\nNombre de pi\u00e8ces par kilo: 70 pcs<\/p>\n<p>Le mlabbes\u00a0est une p\u00e2tisserie traditionnelle tunisienne \u00a0\u00e0 base de sucre, d&rsquo;amandes , de noisettes ou de pistaches et de blancs d\u2019\u0153ufs. De l&rsquo;eau de rose\u00a0y est ajout\u00e9e.Cette p\u00e2tisserie est pr\u00e9sent\u00e9e avec un nappage glac\u00e9 \u00e0 base de blanc d&rsquo;\u0153uf et de sucre. La forme la plus connue est le mlabbes rond. N\u00e9anmoins, cette p\u00e2tisserie se pr\u00e9sente sous diff\u00e9rentes formes (carr\u00e9, en forme de c\u0153ur ou ovale) et couleurs (vert pistache, bleu, rose, orange, etc.).<\/p>\n<p><span class=\"s_tit\">Ingr\u00e9dients:\u00a0<\/span><span class=\"desc_tit\">Amande, Sucre, \u0152uf , Confiture d&rsquo;orange, eau de rose<\/span><\/p>\n","protected":false},"featured_media":14305,"comment_status":"open","ping_status":"closed","template":"","meta":[],"product_cat":[118],"product_tag":[],"class_list":["post-4373","product","type-product","status-publish","has-post-thumbnail","hentry","product_cat-fekia"],"_links":{"self":[{"href":"https:\/\/www.patisserie-sakka.com\/index.php\/wp-json\/wp\/v2\/product\/4373","targetHints":{"allow":["GET"]}}],"collection":[{"href":"https:\/\/www.patisserie-sakka.com\/index.php\/wp-json\/wp\/v2\/product"}],"about":[{"href":"https:\/\/www.patisserie-sakka.com\/index.php\/wp-json\/wp\/v2\/types\/product"}],"replies":[{"embeddable":true,"href":"https:\/\/www.patisserie-sakka.com\/index.php\/wp-json\/wp\/v2\/comments?post=4373"}],"wp:featuredmedia":[{"embeddable":true,"href":"https:\/\/www.patisserie-sakka.com\/index.php\/wp-json\/wp\/v2\/media\/14305"}],"wp:attachment":[{"href":"https:\/\/www.patisserie-sakka.com\/index.php\/wp-json\/wp\/v2\/media?parent=4373"}],"wp:term":[{"taxonomy":"product_cat","embeddable":true,"href":"https:\/\/www.patisserie-sakka.com\/index.php\/wp-json\/wp\/v2\/product_cat?post=4373"},{"taxonomy":"product_tag","embeddable":true,"href":"https:\/\/www.patisserie-sakka.com\/index.php\/wp-json\/wp\/v2\/product_tag?post=4373"}],"curies":[{"name":"wp","href":"https:\/\/api.w.org\/{rel}","templated":true}]}}