{"id":14759,"date":"2024-05-20T10:02:22","date_gmt":"2024-05-20T08:02:22","guid":{"rendered":"https:\/\/www.patisserie-sakka.com\/?post_type=product&#038;p=14759"},"modified":"2026-02-12T12:09:51","modified_gmt":"2026-02-12T11:09:51","slug":"boule-ferrero-noisette","status":"publish","type":"product","link":"https:\/\/www.patisserie-sakka.com\/index.php\/produit\/boule-ferrero-noisette\/","title":{"rendered":"Boule Ferrero Noisette 100 G"},"content":{"rendered":"","protected":false},"excerpt":{"rendered":"<p><span style=\"color: #808080;\"><strong>Nombre de pi\u00e8ces :<\/strong> 55 pcs\/kilo<\/span><\/p>\n<p>&nbsp;<\/p>\n<p><span style=\"color: #808080;\"><strong>Mode de conservation :<\/strong> Il est conseill\u00e9 de la stocker dans une boite herm\u00e9tique \u00e0 temp\u00e9rature ambiante.<\/span><\/p>\n","protected":false},"featured_media":14787,"comment_status":"open","ping_status":"closed","template":"","meta":[],"product_cat":[118,270],"product_tag":[],"class_list":["post-14759","product","type-product","status-publish","has-post-thumbnail","hentry","product_cat-fekia","product_cat-instant-cafe-et-the"],"_links":{"self":[{"href":"https:\/\/www.patisserie-sakka.com\/index.php\/wp-json\/wp\/v2\/product\/14759","targetHints":{"allow":["GET"]}}],"collection":[{"href":"https:\/\/www.patisserie-sakka.com\/index.php\/wp-json\/wp\/v2\/product"}],"about":[{"href":"https:\/\/www.patisserie-sakka.com\/index.php\/wp-json\/wp\/v2\/types\/product"}],"replies":[{"embeddable":true,"href":"https:\/\/www.patisserie-sakka.com\/index.php\/wp-json\/wp\/v2\/comments?post=14759"}],"wp:featuredmedia":[{"embeddable":true,"href":"https:\/\/www.patisserie-sakka.com\/index.php\/wp-json\/wp\/v2\/media\/14787"}],"wp:attachment":[{"href":"https:\/\/www.patisserie-sakka.com\/index.php\/wp-json\/wp\/v2\/media?parent=14759"}],"wp:term":[{"taxonomy":"product_cat","embeddable":true,"href":"https:\/\/www.patisserie-sakka.com\/index.php\/wp-json\/wp\/v2\/product_cat?post=14759"},{"taxonomy":"product_tag","embeddable":true,"href":"https:\/\/www.patisserie-sakka.com\/index.php\/wp-json\/wp\/v2\/product_tag?post=14759"}],"curies":[{"name":"wp","href":"https:\/\/api.w.org\/{rel}","templated":true}]}}