{"id":14757,"date":"2024-05-20T09:57:01","date_gmt":"2024-05-20T07:57:01","guid":{"rendered":"https:\/\/www.patisserie-sakka.com\/?post_type=product&#038;p=14757"},"modified":"2026-02-12T12:16:46","modified_gmt":"2026-02-12T11:16:46","slug":"samsa-noisette","status":"publish","type":"product","link":"https:\/\/www.patisserie-sakka.com\/index.php\/produit\/samsa-noisette\/","title":{"rendered":"Samsa Noisette 100 G"},"content":{"rendered":"","protected":false},"excerpt":{"rendered":"<p><span style=\"color: #808080;\"><strong>Nombre de pi\u00e8ces :<\/strong> 60 pcs\/kilo<\/span><\/p>\n<p>&nbsp;<\/p>\n<p><span style=\"color: #808080;\"><strong>Mode de conservation :<\/strong> Il est conseill\u00e9 de la stocker dans une boite herm\u00e9tique \u00e0 temp\u00e9rature ambiante.<\/span><\/p>\n","protected":false},"featured_media":14808,"comment_status":"open","ping_status":"closed","template":"","meta":[],"product_cat":[118,270],"product_tag":[],"class_list":["post-14757","product","type-product","status-publish","has-post-thumbnail","hentry","product_cat-fekia","product_cat-instant-cafe-et-the"],"_links":{"self":[{"href":"https:\/\/www.patisserie-sakka.com\/index.php\/wp-json\/wp\/v2\/product\/14757","targetHints":{"allow":["GET"]}}],"collection":[{"href":"https:\/\/www.patisserie-sakka.com\/index.php\/wp-json\/wp\/v2\/product"}],"about":[{"href":"https:\/\/www.patisserie-sakka.com\/index.php\/wp-json\/wp\/v2\/types\/product"}],"replies":[{"embeddable":true,"href":"https:\/\/www.patisserie-sakka.com\/index.php\/wp-json\/wp\/v2\/comments?post=14757"}],"wp:featuredmedia":[{"embeddable":true,"href":"https:\/\/www.patisserie-sakka.com\/index.php\/wp-json\/wp\/v2\/media\/14808"}],"wp:attachment":[{"href":"https:\/\/www.patisserie-sakka.com\/index.php\/wp-json\/wp\/v2\/media?parent=14757"}],"wp:term":[{"taxonomy":"product_cat","embeddable":true,"href":"https:\/\/www.patisserie-sakka.com\/index.php\/wp-json\/wp\/v2\/product_cat?post=14757"},{"taxonomy":"product_tag","embeddable":true,"href":"https:\/\/www.patisserie-sakka.com\/index.php\/wp-json\/wp\/v2\/product_tag?post=14757"}],"curies":[{"name":"wp","href":"https:\/\/api.w.org\/{rel}","templated":true}]}}