{"id":14753,"date":"2024-05-20T09:41:11","date_gmt":"2024-05-20T07:41:11","guid":{"rendered":"https:\/\/www.patisserie-sakka.com\/?post_type=product&#038;p=14753"},"modified":"2024-05-20T12:52:04","modified_gmt":"2024-05-20T10:52:04","slug":"carre-noisette","status":"publish","type":"product","link":"https:\/\/www.patisserie-sakka.com\/index.php\/produit\/carre-noisette\/","title":{"rendered":"Carr\u00e9 Noisette 100 G"},"content":{"rendered":"","protected":false},"excerpt":{"rendered":"<p><span style=\"color: #808080;\"><strong>Nombre de pi\u00e8ces :<\/strong> 45 pcs\/kilo<\/span><\/p>\n<p>&nbsp;<\/p>\n<p><span style=\"color: #808080;\"><strong>Mode de conservation :<\/strong> Il est conseill\u00e9 de la stocker dans une boite herm\u00e9tique \u00e0 temp\u00e9rature ambiante.<\/span><\/p>\n","protected":false},"featured_media":14789,"comment_status":"open","ping_status":"closed","template":"","meta":[],"product_cat":[118],"product_tag":[],"class_list":["post-14753","product","type-product","status-publish","has-post-thumbnail","hentry","product_cat-fekia"],"_links":{"self":[{"href":"https:\/\/www.patisserie-sakka.com\/index.php\/wp-json\/wp\/v2\/product\/14753","targetHints":{"allow":["GET"]}}],"collection":[{"href":"https:\/\/www.patisserie-sakka.com\/index.php\/wp-json\/wp\/v2\/product"}],"about":[{"href":"https:\/\/www.patisserie-sakka.com\/index.php\/wp-json\/wp\/v2\/types\/product"}],"replies":[{"embeddable":true,"href":"https:\/\/www.patisserie-sakka.com\/index.php\/wp-json\/wp\/v2\/comments?post=14753"}],"wp:featuredmedia":[{"embeddable":true,"href":"https:\/\/www.patisserie-sakka.com\/index.php\/wp-json\/wp\/v2\/media\/14789"}],"wp:attachment":[{"href":"https:\/\/www.patisserie-sakka.com\/index.php\/wp-json\/wp\/v2\/media?parent=14753"}],"wp:term":[{"taxonomy":"product_cat","embeddable":true,"href":"https:\/\/www.patisserie-sakka.com\/index.php\/wp-json\/wp\/v2\/product_cat?post=14753"},{"taxonomy":"product_tag","embeddable":true,"href":"https:\/\/www.patisserie-sakka.com\/index.php\/wp-json\/wp\/v2\/product_tag?post=14753"}],"curies":[{"name":"wp","href":"https:\/\/api.w.org\/{rel}","templated":true}]}}