{"id":14230,"date":"2023-04-05T13:02:51","date_gmt":"2023-04-05T11:02:51","guid":{"rendered":"https:\/\/dev.patisserie-sakka.com\/?post_type=product&#038;p=14230"},"modified":"2026-02-12T08:29:52","modified_gmt":"2026-02-12T07:29:52","slug":"baklawa-amande-100g","status":"publish","type":"product","link":"https:\/\/www.patisserie-sakka.com\/index.php\/produit\/baklawa-amande-100g\/","title":{"rendered":"Baklawa Amande 100g"},"content":{"rendered":"<p><span style=\"color: #808080;\">\u00ab\u00a0La Baklawa tunisienne est renomm\u00e9e pour son go\u00fbt exquis et sa tradition culinaire riche, \u00e9voquant une touche de nostalgie dans chaque bouch\u00e9e. Elle est parfaite pour les mariages et les moments sp\u00e9ciaux en famille. Cette d\u00e9licatesse constitue \u00e9galement le choix id\u00e9al pour offrir un cadeau pr\u00e9cieux \u00e0 ceux qui sont chers \u00e0 notre c\u0153ur.\u00a0\u00bb<\/span><\/p>\n<p><span style=\"color: #000000;\">P\u00e2tisserie Mme SAKKA est devenu une r\u00e9f\u00e9rence en Tunisie par la <strong>vente de Baklawa <\/strong>\u00a0avec le meilleur rapport qualit\u00e9\/prix.<\/span><\/p>\n","protected":false},"excerpt":{"rendered":"<blockquote><p><span style=\"color: #808080;\"><strong>\u00abLa Baklawa tunisienne\u00bb une douceur qui \u00e9voque des souvenirs gourmands.<\/strong><\/span><\/p>\n<p>&nbsp;<\/p><\/blockquote>\n<p><span style=\"color: #808080;\">Ingr\u00e9dients : Amande, sucre, farine, huile de ma\u00efs, eau, amidon, sel, eau de rose naturelle.<\/span><\/p>\n<p>&nbsp;<\/p>\n<p><span style=\"color: #808080;\">Mode de conservation : Il est conseill\u00e9 de la stocker dans une boite herm\u00e9tique \u00e0 temp\u00e9rature ambiante.<\/span><\/p>\n","protected":false},"featured_media":14231,"comment_status":"open","ping_status":"closed","template":"","meta":[],"product_cat":[113],"product_tag":[],"class_list":["post-14230","product","type-product","status-publish","has-post-thumbnail","hentry","product_cat-baklawa"],"_links":{"self":[{"href":"https:\/\/www.patisserie-sakka.com\/index.php\/wp-json\/wp\/v2\/product\/14230","targetHints":{"allow":["GET"]}}],"collection":[{"href":"https:\/\/www.patisserie-sakka.com\/index.php\/wp-json\/wp\/v2\/product"}],"about":[{"href":"https:\/\/www.patisserie-sakka.com\/index.php\/wp-json\/wp\/v2\/types\/product"}],"replies":[{"embeddable":true,"href":"https:\/\/www.patisserie-sakka.com\/index.php\/wp-json\/wp\/v2\/comments?post=14230"}],"wp:featuredmedia":[{"embeddable":true,"href":"https:\/\/www.patisserie-sakka.com\/index.php\/wp-json\/wp\/v2\/media\/14231"}],"wp:attachment":[{"href":"https:\/\/www.patisserie-sakka.com\/index.php\/wp-json\/wp\/v2\/media?parent=14230"}],"wp:term":[{"taxonomy":"product_cat","embeddable":true,"href":"https:\/\/www.patisserie-sakka.com\/index.php\/wp-json\/wp\/v2\/product_cat?post=14230"},{"taxonomy":"product_tag","embeddable":true,"href":"https:\/\/www.patisserie-sakka.com\/index.php\/wp-json\/wp\/v2\/product_tag?post=14230"}],"curies":[{"name":"wp","href":"https:\/\/api.w.org\/{rel}","templated":true}]}}