{"id":7257,"date":"2019-01-09T18:52:21","date_gmt":"2019-01-09T17:52:21","guid":{"rendered":"https:\/\/www.patisserie-sakka.com\/?page_id=7257"},"modified":"2022-02-02T04:39:39","modified_gmt":"2022-02-02T03:39:39","slug":"recrutement","status":"publish","type":"page","link":"https:\/\/www.patisserie-sakka.com\/index.php\/recrutement\/","title":{"rendered":"Recrutement"},"content":{"rendered":"<div id=\"pl-7257\" class=\"panel-layout\">\n<div id=\"pg-7257-0\" class=\"panel-grid panel-no-style\" data-style=\"{&quot;background_image_attachment&quot;:false,&quot;background_display&quot;:&quot;tile&quot;,&quot;cell_alignment&quot;:&quot;flex-start&quot;}\" data-ratio=\"1\" data-ratio-direction=\"right\">\n<div id=\"pgc-7257-0-0\" class=\"panel-grid-cell\" data-weight=\"0.5\">\n<div id=\"panel-7257-0-0-0\" class=\"so-panel widget widget_sow-editor panel-first-child panel-last-child\" data-index=\"0\" data-style=\"{&quot;padding&quot;:&quot;20px 20px 20px 20px&quot;,&quot;mobile_padding&quot;:&quot;10px 10px 10px 10px&quot;,&quot;background_image_attachment&quot;:false,&quot;background_display&quot;:&quot;tile&quot;,&quot;margin&quot;:&quot;30px 20px 20px 30px&quot;}\">\n<div class=\"panel-widget-style panel-widget-style-for-7257-0-0-0\">\n<div class=\"so-widget-sow-editor so-widget-sow-editor-base\">\n<div class=\"siteorigin-widget-tinymce textwidget\">\n<h2>Candidature d&#8217;embauche.<\/h2>\n<p>Soci\u00e9t\u00e9 P\u00e2tisserie_Madame_SAKKA tient \u00e0 vous informer qu&rsquo;elle est \u00e0 la recherche d\u2019employ\u00e9es sociables et amicales pour compl\u00e9ter notre \u00e9quipe.<\/p>\n<ul>\n<li><strong>Crit\u00e8res recherch\u00e9es:<\/strong><br \/>\nle dynamisme, le sens du contact avec un niveau \u00e9ducationnel de Bac et plus.<\/li>\n<li><strong>\u00a0Les taches \u00e0 accomplir sont:<\/strong><br \/>\n&#8211; Accueillir les clients et les servir.<br \/>\n&#8211; Pr\u00e9senter le menu et prendre la commande.<br \/>\n&#8211; Gestion de stock.<\/li>\n<\/ul>\n<p><strong>Postuler votre candidature via ce formulaire ou veuillez nous contacter sur notre page Facebook en message priv\u00e9.<\/strong><\/p>\n<\/div>\n<\/div>\n<\/div>\n<\/div>\n<\/div>\n<div id=\"pgc-7257-0-1\" class=\"panel-grid-cell\" data-weight=\"0.5\">\n<div id=\"panel-7257-0-1-0\" class=\"so-panel widget widget_shortcodes-ultimate shortcodes-ultimate panel-first-child panel-last-child\" data-index=\"1\" data-style=\"{&quot;padding&quot;:&quot;20px 20px 20px 20px&quot;,&quot;mobile_padding&quot;:&quot;10px 10px 10px 10px&quot;,&quot;background&quot;:&quot;#edeae8&quot;,&quot;background_image_attachment&quot;:false,&quot;background_display&quot;:&quot;tile&quot;,&quot;margin&quot;:&quot;30px 20px 20px 30px&quot;}\">\n<div class=\"panel-widget-style panel-widget-style-for-7257-0-1-0\">\n<div class=\"wpcf7 no-js\" id=\"wpcf7-f7256-o1\" lang=\"en-US\" dir=\"ltr\">\n<div class=\"screen-reader-response\"><p role=\"status\" aria-live=\"polite\" aria-atomic=\"true\"><\/p> <ul><\/ul><\/div>\n<form action=\"\/index.php\/wp-json\/wp\/v2\/pages\/7257#wpcf7-f7256-o1\" method=\"post\" class=\"wpcf7-form init\" aria-label=\"Contact form\" enctype=\"multipart\/form-data\" novalidate=\"novalidate\" data-status=\"init\">\n<div style=\"display: none;\">\n<input type=\"hidden\" name=\"_wpcf7\" value=\"7256\" \/>\n<input type=\"hidden\" name=\"_wpcf7_version\" value=\"5.7.7\" \/>\n<input type=\"hidden\" name=\"_wpcf7_locale\" value=\"en_US\" \/>\n<input type=\"hidden\" name=\"_wpcf7_unit_tag\" value=\"wpcf7-f7256-o1\" \/>\n<input type=\"hidden\" name=\"_wpcf7_container_post\" value=\"0\" \/>\n<input type=\"hidden\" name=\"_wpcf7_posted_data_hash\" value=\"\" \/>\n<\/div>\n<p><span class=\"wpcf7-form-control-wrap\" data-name=\"your-name\"><input size=\"40\" class=\"wpcf7-form-control wpcf7-text wpcf7-validates-as-required job\" aria-required=\"true\" aria-invalid=\"false\" placeholder=\"Nom et pr\u00e9nom (obligatoire)\" value=\"\" type=\"text\" name=\"your-name\" \/><\/span><br \/>\n<span class=\"wpcf7-form-control-wrap\" data-name=\"your-email\"><input size=\"40\" class=\"wpcf7-form-control wpcf7-text wpcf7-email wpcf7-validates-as-required wpcf7-validates-as-email job\" aria-required=\"true\" aria-invalid=\"false\" placeholder=\"Email (obligatoire)\" value=\"\" type=\"email\" name=\"your-email\" \/><\/span><span class=\"wpcf7-form-control-wrap\" data-name=\"tel-57\"><input size=\"40\" class=\"wpcf7-form-control wpcf7-text wpcf7-tel wpcf7-validates-as-tel job\" aria-invalid=\"false\" placeholder=\"Tel: ex: 98000000\" value=\"\" type=\"tel\" name=\"tel-57\" \/><\/span><br \/>\n<span class=\"wpcf7-form-control-wrap\" data-name=\"your-subject\"><input size=\"40\" class=\"wpcf7-form-control wpcf7-text job\" aria-invalid=\"false\" placeholder=\"Titre de poste recherch\u00e9\" value=\"\" type=\"text\" name=\"your-subject\" \/><\/span><br \/>\n<span class=\"wpcf7-form-control-wrap\" data-name=\"cv\"><input size=\"40\" class=\"wpcf7-form-control wpcf7-file wpcf7-validates-as-required\" accept=\".filetypesdoc,.docx,.jpg,.pdf\" aria-required=\"true\" aria-invalid=\"false\" type=\"file\" name=\"cv\" \/><\/span>\n<\/p>\n<p><span class=\"wpcf7-form-control-wrap\" data-name=\"your-message\"><textarea cols=\"40\" rows=\"10\" class=\"wpcf7-form-control wpcf7-textarea job\" aria-invalid=\"false\" placeholder=\"Message\" name=\"your-message\"><\/textarea><\/span>\n<\/p>\n<p><button class=\"wpcf7-form-control wpcf7-submit button job eltdf-btn eltdf-btn-medium eltdf-btn-solid\" type=\"submit\"><span class=\"eltdf-btn-text\">Postuler<\/span><\/button>\n<\/p><div class=\"wpcf7-response-output\" aria-hidden=\"true\"><\/div>\n<\/form>\n<\/div>\n<\/div>\n<\/div>\n<\/div>\n<\/div>\n<\/div>\n<style type=\"text\/css\" class=\"panels-style\" data-panels-style-for-post=\"7257\">@import url(https:\/\/www.patisserie-sakka.com\/wp-content\/plugins\/siteorigin-panels\/css\/front-flex.min.css); #pgc-7257-0-0 , #pgc-7257-0-1 { width:50%;width:calc(50% - ( 0.5 * 30px ) ) } #pl-7257 #panel-7257-0-0-0 , #pl-7257 #panel-7257-0-1-0 { margin:30px 20px 20px 30px } #pl-7257 .so-panel { margin-bottom:30px } #pl-7257 .so-panel:last-child { margin-bottom:0px } #pg-7257-0.panel-no-style, #pg-7257-0.panel-has-style > .panel-row-style { -webkit-align-items:flex-start;align-items:flex-start } #panel-7257-0-0-0> .panel-widget-style { padding:20px 20px 20px 20px } #panel-7257-0-1-0> .panel-widget-style { background-color:#edeae8;padding:20px 20px 20px 20px } @media (max-width:780px){ #pg-7257-0.panel-no-style, #pg-7257-0.panel-has-style > .panel-row-style { -webkit-flex-direction:column;-ms-flex-direction:column;flex-direction:column } #pg-7257-0 .panel-grid-cell { margin-right:0 } #pg-7257-0 .panel-grid-cell { width:100% } #pgc-7257-0-0 { margin-bottom:30px } #pl-7257 .panel-grid-cell { padding:0 } #pl-7257 .panel-grid .panel-grid-cell-empty { display:none } #pl-7257 .panel-grid .panel-grid-cell-mobile-last { margin-bottom:0px } #panel-7257-0-0-0> .panel-widget-style , #panel-7257-0-1-0> .panel-widget-style { padding:10px 10px 10px 10px }  } <\/style>\n","protected":false},"excerpt":{"rendered":"<p>Candidature d&#8217;embauche. Soci\u00e9t\u00e9 P\u00e2tisserie_Madame_SAKKA tient \u00e0 vous informer qu&rsquo;elle est \u00e0 la recherche d\u2019employ\u00e9es sociables et amicales pour compl\u00e9ter notre \u00e9quipe. Crit\u00e8res recherch\u00e9es: le dynamisme, le sens du contact avec un niveau \u00e9ducationnel de Bac et plus. \u00a0Les taches \u00e0 [&hellip;]<\/p>\n","protected":false},"author":1,"featured_media":0,"parent":0,"menu_order":0,"comment_status":"open","ping_status":"open","template":"","meta":{"footnotes":""},"class_list":["post-7257","page","type-page","status-publish","hentry"],"_links":{"self":[{"href":"https:\/\/www.patisserie-sakka.com\/index.php\/wp-json\/wp\/v2\/pages\/7257","targetHints":{"allow":["GET"]}}],"collection":[{"href":"https:\/\/www.patisserie-sakka.com\/index.php\/wp-json\/wp\/v2\/pages"}],"about":[{"href":"https:\/\/www.patisserie-sakka.com\/index.php\/wp-json\/wp\/v2\/types\/page"}],"author":[{"embeddable":true,"href":"https:\/\/www.patisserie-sakka.com\/index.php\/wp-json\/wp\/v2\/users\/1"}],"replies":[{"embeddable":true,"href":"https:\/\/www.patisserie-sakka.com\/index.php\/wp-json\/wp\/v2\/comments?post=7257"}],"version-history":[{"count":1,"href":"https:\/\/www.patisserie-sakka.com\/index.php\/wp-json\/wp\/v2\/pages\/7257\/revisions"}],"predecessor-version":[{"id":12576,"href":"https:\/\/www.patisserie-sakka.com\/index.php\/wp-json\/wp\/v2\/pages\/7257\/revisions\/12576"}],"wp:attachment":[{"href":"https:\/\/www.patisserie-sakka.com\/index.php\/wp-json\/wp\/v2\/media?parent=7257"}],"curies":[{"name":"wp","href":"https:\/\/api.w.org\/{rel}","templated":true}]}}