{"id":6958,"date":"2016-03-23T13:58:20","date_gmt":"2016-03-23T12:58:20","guid":{"rendered":"https:\/\/www.patisserie-sakka.com\/index.php\/boutique\/"},"modified":"2016-03-23T13:58:20","modified_gmt":"2016-03-23T12:58:20","slug":"online-store","status":"publish","type":"page","link":"https:\/\/www.patisserie-sakka.com\/index.php\/online-store\/","title":{"rendered":"Online sale of traditional and tunisian pastry"},"content":{"rendered":"<h1>Online sale of traditional and tunisian pastry<\/h1>\n<p>Thanks to its good reputation, and an optimal quality-price ratio, Madame SAKKA Pastry is classified as the number 1 brand for online sales of traditional and tunisian pastry, in particular<a title=\"Sfaxian pastry specialty baklawa\" href=\"https:\/\/www.patisserie-sakka.com\/en\/index.php\/who-are-we\/\">the sfaxian pastry specialty Baklawa<\/a>.<\/p>\n<p>Ms SAKKA&rsquo;s pastry is a\u00a0<a title=\"P\u00e2tisserie tunisienne traditionnelle sp\u00e9cialit\u00e9 Baklawa\" href=\"https:\/\/www.patisserie-sakka.com\/\">Traditional Tunisian Pastry specialty Baklawa<\/a>, fine cakes and <a title=\"Mignardises\" href=\"https:\/\/www.patisserie-sakka.com\/index.php\/categorie-produit\/gamme-jus\/mignardise\/\">Mignardises<\/a>.<\/p>\n<p>We are specialist in the sale of\u00a0<a title=\"Baklawa tunisienne traditionnnelle\" href=\"https:\/\/www.patisserie-sakka.com\/index.php\/categorie-produit\/gamme-jus\/baklawa-traditionnelle-tunisienne\/\">tunisian Baklawa <\/a> in all varieties.<\/p>\n<p>For weddings and festive occasions, you can order various <a title=\"trays and wedding cakes\" href=\"#\">trays and wedding cakes <\/a>directly from our online store.<\/p>\n<p>For lovers, friends or family, give yourself specious gifts through our cakes boxes.<\/p>\n<p>We are sorry but we didn&rsquo;t have a translation for our store products, please visit our store in french language et make your order there. <a href=\"https:\/\/www.patisserie-sakka.com\/index.php\/boutique\/\" title=\"vente en ligne de p\u00e2tisserie tunisienne\">Click here to visit the store.<\/a><\/p>\n","protected":false},"excerpt":{"rendered":"<p>Online sale of traditional and tunisian pastry Thanks to its good reputation, and an optimal quality-price ratio, Madame SAKKA Pastry is classified as the number 1 brand for online sales of traditional and tunisian pastry, in particularthe sfaxian pastry specialty [&hellip;]<\/p>\n","protected":false},"author":1,"featured_media":0,"parent":0,"menu_order":0,"comment_status":"closed","ping_status":"closed","template":"","meta":{"footnotes":""},"class_list":["post-6958","page","type-page","status-publish","hentry"],"_links":{"self":[{"href":"https:\/\/www.patisserie-sakka.com\/index.php\/wp-json\/wp\/v2\/pages\/6958","targetHints":{"allow":["GET"]}}],"collection":[{"href":"https:\/\/www.patisserie-sakka.com\/index.php\/wp-json\/wp\/v2\/pages"}],"about":[{"href":"https:\/\/www.patisserie-sakka.com\/index.php\/wp-json\/wp\/v2\/types\/page"}],"author":[{"embeddable":true,"href":"https:\/\/www.patisserie-sakka.com\/index.php\/wp-json\/wp\/v2\/users\/1"}],"replies":[{"embeddable":true,"href":"https:\/\/www.patisserie-sakka.com\/index.php\/wp-json\/wp\/v2\/comments?post=6958"}],"version-history":[{"count":0,"href":"https:\/\/www.patisserie-sakka.com\/index.php\/wp-json\/wp\/v2\/pages\/6958\/revisions"}],"wp:attachment":[{"href":"https:\/\/www.patisserie-sakka.com\/index.php\/wp-json\/wp\/v2\/media?parent=6958"}],"curies":[{"name":"wp","href":"https:\/\/api.w.org\/{rel}","templated":true}]}}