{"id":1317,"date":"2018-12-11T09:54:19","date_gmt":"2018-12-11T09:54:19","guid":{"rendered":"https:\/\/sweetjane.elated-themes.com\/?page_id=1317"},"modified":"2023-11-13T11:58:15","modified_gmt":"2023-11-13T10:58:15","slug":"qui-sommes-nous-2","status":"publish","type":"page","link":"https:\/\/www.patisserie-sakka.com\/index.php\/qui-sommes-nous-2\/","title":{"rendered":"Qui sommes nous"},"content":{"rendered":"<p>[vc_row css=\u00a0\u00bb.vc_custom_1677161668547{margin-right: 20px !important;margin-left: 20px !important;padding-top: 89px !important;padding-bottom: 110px !important;}\u00a0\u00bb][vc_column offset=\u00a0\u00bbvc_col-lg-6 vc_col-md-12&Prime; css=\u00a0\u00bb.vc_custom_1677064455229{background-position: center !important;background-repeat: no-repeat !important;background-size: cover !important;}\u00a0\u00bb]<div class=\"eltdf-elements-holder   eltdf-one-column  eltdf-responsive-mode-768 \" ><div class=\"eltdf-eh-item  eltdf-vertical-alignment-top  \" style=\"background-image: url()\" data-item-class=\"eltdf-eh-custom-3472\" data-1367-1600=\"67px 63px 0px 18%\" data-1025-1366=\"0px 104px 30px 18.9%\" data-769-1024=\"67px 306px 76px 11.7%\" data-681-768=\"67px 154px 78px 10%\" data-680=\"67px 23px 56px 8.5%\">\n\t<div class=\"eltdf-eh-item-inner\">\n\t\t<div class=\"eltdf-eh-item-content eltdf-eh-custom-3472\" >\n\t\t\t<h2 class=\"eltdf-custom-font-holder  eltdf-cf-3667  \" style=\"font-family: Gotham bold;font-size: 25px;line-height: 30px;font-weight: 400\" data-item-class=\"eltdf-cf-3667\" data-font-size-680=\"40px\">\n\t\u00ab P\u00e2tisserie Madame SAKKA\u00bb, l\u2019excellence de la p\u00e2tisserie Sfaxienne !<\/h2>[vc_empty_space height=\u00a0\u00bb4px\u00a0\u00bb][vc_column_text]<\/p>\n<p>Le \u00ab P\u00e2tisserie Madame SAKKA \u00bb est cr\u00e9e\u00a0 en 2000 avec la volont\u00e9 d\u2019offrir une p\u00e2tisserie de qualit\u00e9\u00a0 en utilisant des ingr\u00e9dients qui sont s\u00e9lectionn\u00e9s avec le plus grand soin afin d\u2019offrir une r\u00e9gularit\u00e9 dans la qualit\u00e9. Stimul\u00e9e par le challenge, et conscient que la p\u00e2tisserie est comparable \u00e0 la mode, le \u00ab\u00a0P\u00e2tisserie Madame SAKKA\u00bb \u00e9labore des recettes dont le respect de l\u2019innovation et le traditionnel.<\/p>\n<pre><\/pre>\n<p>[\/vc_column_text][vc_empty_space height=\u00a0\u00bb10px\u00a0\u00bb]\t\t<\/div>\n\t<\/div>\n        <div class=\"eltdf-eh-item-overlay\" ><\/div>\n<\/div><\/div>[\/vc_column][vc_column offset=\u00a0\u00bbvc_col-lg-6 vc_col-md-12&Prime;]<div class=\"eltdf-elements-holder   eltdf-one-column  eltdf-responsive-mode-768 \" ><div class=\"eltdf-eh-item   eltdf-horizontal-alignment-right \"  data-item-class=\"eltdf-eh-custom-4456\" data-1367-1600=\"18px 74px 0px 12px\" data-1025-1366=\"53px 0% 0px 12px\" data-769-1024=\"18px 0% 0px 122px\" data-681-768=\"8px 71px 0px 71px\" data-680=\"0px 0%\">\n\t<div class=\"eltdf-eh-item-inner\">\n\t\t<div class=\"eltdf-eh-item-content eltdf-eh-custom-4456\" style=\"padding: 90px 10% 0px 20px\">\n\t\t\t<div class=\"eltdf-single-image-holder   \">\n    <div class=\"eltdf-si-inner\" >\n                                    <img loading=\"lazy\" decoding=\"async\" width=\"2048\" height=\"1396\" src=\"https:\/\/www.patisserie-sakka.com\/wp-content\/uploads\/2022\/09\/27992956_2108606256034888_5289122427869111621_o.jpg\" class=\"attachment-full size-full\" alt=\"\" srcset=\"https:\/\/www.patisserie-sakka.com\/wp-content\/uploads\/2022\/09\/27992956_2108606256034888_5289122427869111621_o.jpg 2048w, https:\/\/www.patisserie-sakka.com\/wp-content\/uploads\/2022\/09\/27992956_2108606256034888_5289122427869111621_o-300x204.jpg 300w, https:\/\/www.patisserie-sakka.com\/wp-content\/uploads\/2022\/09\/27992956_2108606256034888_5289122427869111621_o-1024x698.jpg 1024w, https:\/\/www.patisserie-sakka.com\/wp-content\/uploads\/2022\/09\/27992956_2108606256034888_5289122427869111621_o-768x524.jpg 768w, https:\/\/www.patisserie-sakka.com\/wp-content\/uploads\/2022\/09\/27992956_2108606256034888_5289122427869111621_o-1536x1047.jpg 1536w, https:\/\/www.patisserie-sakka.com\/wp-content\/uploads\/2022\/09\/27992956_2108606256034888_5289122427869111621_o-600x409.jpg 600w\" sizes=\"auto, (max-width: 2048px) 100vw, 2048px\" \/>                        <\/div>\n<\/div>\t\t<\/div>\n\t<\/div>\n        <div class=\"eltdf-eh-item-overlay\" ><\/div>\n<\/div><\/div>[vc_single_image image=\u00a0\u00bb13876&Prime; img_size=\u00a0\u00bb500&#215;180&Prime; alignment=\u00a0\u00bbright\u00a0\u00bb][\/vc_column][\/vc_row][vc_row css=\u00a0\u00bb.vc_custom_1677493549275{margin-right: 20px !important;margin-left: 20px !important;padding-top: 0px !important;padding-bottom: 110px !important;}\u00a0\u00bb][vc_column offset=\u00a0\u00bbvc_col-lg-6 vc_col-md-12&Prime; css=\u00a0\u00bb.vc_custom_1677494231136{background-position: center !important;background-repeat: no-repeat !important;background-size: cover !important;}\u00a0\u00bb]<div class=\"eltdf-elements-holder   eltdf-one-column  eltdf-responsive-mode-768 \" ><div class=\"eltdf-eh-item    \"  data-item-class=\"eltdf-eh-custom-6831\" data-1367-1600=\"0px 0px 4px 10%\" data-1025-1366=\"53px 0% 0px 12px\" data-769-1024=\"8px 0% 0px 122px\" data-681-768=\"8px 71px 0px 71px\" data-680=\"0px 0%\">\n\t<div class=\"eltdf-eh-item-inner\">\n\t\t<div class=\"eltdf-eh-item-content eltdf-eh-custom-6831\" >\n\t\t\t<div class=\"eltdf-single-image-holder   \">\n    <div class=\"eltdf-si-inner\" >\n                                    <img loading=\"lazy\" decoding=\"async\" src=\"https:\/\/www.patisserie-sakka.com\/wp-content\/uploads\/2023\/02\/MG_2033-scaled-2048x1396.jpg\" alt=\"\" width=\"2048\" height=\"1396\" \/>                        <\/div>\n<\/div>\t\t<\/div>\n\t<\/div>\n        <div class=\"eltdf-eh-item-overlay\" ><\/div>\n<\/div><\/div>[vc_single_image image=\u00a0\u00bb13987&Prime; img_size=\u00a0\u00bb500&#215;180&Prime;][\/vc_column][vc_column offset=\u00a0\u00bbvc_col-lg-6 vc_col-md-12&Prime;]<div class=\"eltdf-elements-holder   eltdf-one-column  eltdf-responsive-mode-768 \" ><div class=\"eltdf-eh-item   eltdf-horizontal-alignment-right \"  data-item-class=\"eltdf-eh-custom-8443\" data-1367-1600=\"7px 18% 73px 74px\" data-1025-1366=\"0px 80px 30px 18.9%\" data-769-1024=\"67px 306px 76px 11.7%\" data-681-768=\"67px 154px 78px 10%\" data-680=\"67px 23px 56px 8.5%\">\n\t<div class=\"eltdf-eh-item-inner\">\n\t\t<div class=\"eltdf-eh-item-content eltdf-eh-custom-8443\" style=\"padding: 90px 10% 0px 20px\">\n\t\t\t<h2 class=\"eltdf-custom-font-holder  eltdf-cf-6703  \" style=\"font-family: Gotham bold;font-size: 20px;line-height: 30px;font-weight: 400;text-align: left\" data-item-class=\"eltdf-cf-6703\" data-font-size-680=\"40px\">\n\tChez \u00abP\u00e2tisserie Madame SAKKA\u00bb, Nous Consid\u00e9rons Que La P\u00e2tisserie Est Un Art !<\/h2>[vc_column_text]<\/p>\n<p>La p\u00e2tisserie, ce n\u2019est pas seulement faire des g\u00e2teaux, c\u2019est bien plus que cela, c\u2019est avant tout une belle \u00e9vasion, une recherche de la perfection, \u00e0 savoir la passion pour l\u2019excellence, l\u2019amour pour le d\u00e9lice et le plaisir.<\/p>\n<p>En effet, chez \u00ab\u00a0P\u00e2tisserie Madame SAKKA\u00bb,\u00a0 la satisfaction du nos\u00a0 clients est au centre de notre strat\u00e9gie. Aujourd\u2019hui, nous partageons le go\u00fbt du travail bien fait, la joie d\u2019offrir chaque jour des produits de qualit\u00e9 avec nos clients dans un cadre enchanteur et unique.<\/p>\n<p>[\/vc_column_text]\t\t<\/div>\n\t<\/div>\n        <div class=\"eltdf-eh-item-overlay\" ><\/div>\n<\/div><\/div>[\/vc_column][\/vc_row][vc_row disable_background_image=\u00a0\u00bb\u00a0\u00bb content_text_aligment=\u00a0\u00bbcenter\u00a0\u00bb simple_background_image=\u00a0\u00bb12598&Prime; css=\u00a0\u00bb.vc_custom_1683322636586{padding-top: 0px !important;padding-bottom: 0px !important;background-image: url(https:\/\/www.patisserie-sakka.com\/wp-content\/uploads\/2023\/05\/Ph-Sakka_Coffrets_Site-Web-2.jpg?id=14360) !important;background-position: center !important;background-repeat: no-repeat !important;background-size: cover !important;}\u00a0\u00bb background_image_position=\u00a0\u00bbcenter center\u00a0\u00bb parallax_background_image=\u00a0\u00bb12627&Prime;][vc_column][vc_empty_space height=\u00a0\u00bb420px\u00a0\u00bb][\/vc_column][\/vc_row][vc_row row_content_width=\u00a0\u00bbgrid\u00a0\u00bb disable_background_image=\u00a0\u00bb\u00a0\u00bb content_text_aligment=\u00a0\u00bbcenter\u00a0\u00bb simple_background_image=\u00a0\u00bb12598&Prime; css=\u00a0\u00bb.vc_custom_1677074532694{padding-top: 39px !important;padding-bottom: 39px !important;background-color: #751c57 !important;}\u00a0\u00bb background_image_position=\u00a0\u00bbcenter center\u00a0\u00bb parallax_background_image=\u00a0\u00bb12627&Prime;][vc_column][vc_row_inner][vc_column_inner width=\u00a0\u00bb1\/4&Prime;][\/vc_column_inner][vc_column_inner width=\u00a0\u00bb1\/2&Prime;][vc_column_text]<\/p>\n<p style=\"color: #ffffff; text-align: center;\">D\u00e9couvrez Nos Id\u00e9es De Plateaux De Mariage<\/p>\n<p>[\/vc_column_text][vc_empty_space height=\u00a0\u00bb25px\u00a0\u00bb]<a itemprop=\"url\" href=\"#\" target=\"_self\" style=\"color: #762257;background-color: #cbc1b2;font-size: 14px\" class=\"eltdf-btn eltdf-btn-medium eltdf-btn-solid roundedbutton\"  >\n    <span class=\"eltdf-btn-text\">Visitez notre boutique<\/span>\n    <\/a>[vc_empty_space height=\u00a0\u00bb25px\u00a0\u00bb][\/vc_column_inner][vc_column_inner width=\u00a0\u00bb1\/4&Prime;][\/vc_column_inner][\/vc_row_inner][\/vc_column][\/vc_row]<\/p>\n","protected":false},"excerpt":{"rendered":"<p>[vc_row css=\u00a0\u00bb.vc_custom_1677161668547{margin-right: 20px !important;margin-left: 20px !important;padding-top: 89px !important;padding-bottom: 110px !important;}\u00a0\u00bb][vc_column offset=\u00a0\u00bbvc_col-lg-6 vc_col-md-12&Prime; css=\u00a0\u00bb.vc_custom_1677064455229{background-position: center !important;background-repeat: no-repeat !important;background-size: cover !important;}\u00a0\u00bb][\/vc_column][vc_column offset=\u00a0\u00bbvc_col-lg-6 vc_col-md-12&Prime;][vc_single_image image=\u00a0\u00bb13876&Prime; img_size=\u00a0\u00bb500&#215;180&Prime; alignment=\u00a0\u00bbright\u00a0\u00bb][\/vc_column][\/vc_row][vc_row css=\u00a0\u00bb.vc_custom_1677493549275{margin-right: 20px !important;margin-left: 20px !important;padding-top: 0px !important;padding-bottom: 110px !important;}\u00a0\u00bb][vc_column offset=\u00a0\u00bbvc_col-lg-6 vc_col-md-12&Prime; css=\u00a0\u00bb.vc_custom_1677494231136{background-position: center !important;background-repeat: no-repeat !important;background-size: [&hellip;]<\/p>\n","protected":false},"author":1,"featured_media":0,"parent":0,"menu_order":0,"comment_status":"closed","ping_status":"closed","template":"full-width.php","meta":{"footnotes":""},"class_list":["post-1317","page","type-page","status-publish","hentry"],"_links":{"self":[{"href":"https:\/\/www.patisserie-sakka.com\/index.php\/wp-json\/wp\/v2\/pages\/1317","targetHints":{"allow":["GET"]}}],"collection":[{"href":"https:\/\/www.patisserie-sakka.com\/index.php\/wp-json\/wp\/v2\/pages"}],"about":[{"href":"https:\/\/www.patisserie-sakka.com\/index.php\/wp-json\/wp\/v2\/types\/page"}],"author":[{"embeddable":true,"href":"https:\/\/www.patisserie-sakka.com\/index.php\/wp-json\/wp\/v2\/users\/1"}],"replies":[{"embeddable":true,"href":"https:\/\/www.patisserie-sakka.com\/index.php\/wp-json\/wp\/v2\/comments?post=1317"}],"version-history":[{"count":190,"href":"https:\/\/www.patisserie-sakka.com\/index.php\/wp-json\/wp\/v2\/pages\/1317\/revisions"}],"predecessor-version":[{"id":14640,"href":"https:\/\/www.patisserie-sakka.com\/index.php\/wp-json\/wp\/v2\/pages\/1317\/revisions\/14640"}],"wp:attachment":[{"href":"https:\/\/www.patisserie-sakka.com\/index.php\/wp-json\/wp\/v2\/media?parent=1317"}],"curies":[{"name":"wp","href":"https:\/\/api.w.org\/{rel}","templated":true}]}}